{"id":9,"date":"2017-09-22T12:13:25","date_gmt":"2017-09-22T12:13:25","guid":{"rendered":"https:\/\/piuchedolci.com\/about\/"},"modified":"2024-01-24T16:46:39","modified_gmt":"2024-01-24T16:46:39","slug":"about","status":"publish","type":"page","link":"https:\/\/piuchedolci.com\/fr\/about\/","title":{"rendered":"\u00c0 propos"},"content":{"rendered":"<div data-elementor-type=\"wp-post\" data-elementor-id=\"9\" class=\"elementor elementor-9\" data-elementor-post-type=\"page\">\n\t\t\t\t\t\t<section class=\"elementor-section elementor-top-section elementor-element elementor-element-ci7lzut elementor-section-height-min-height elementor-section-boxed elementor-section-height-default elementor-section-items-middle\" data-id=\"ci7lzut\" data-element_type=\"section\" data-e-type=\"section\" data-settings=\"{&quot;background_background&quot;:&quot;classic&quot;}\">\n\t\t\t\t\t\t\t<div class=\"elementor-background-overlay\"><\/div>\n\t\t\t\t\t\t\t<div class=\"elementor-container elementor-column-gap-default\">\n\t\t\t\t\t<div class=\"elementor-column elementor-col-100 elementor-top-column elementor-element elementor-element-f7twqjo\" data-id=\"f7twqjo\" data-element_type=\"column\" data-e-type=\"column\">\n\t\t\t<div class=\"elementor-widget-wrap elementor-element-populated\">\n\t\t\t\t\t\t<div class=\"elementor-element elementor-element-d8e7ed9 elementor-widget elementor-widget-heading\" data-id=\"d8e7ed9\" data-element_type=\"widget\" data-e-type=\"widget\" data-widget_type=\"heading.default\">\n\t\t\t\t<div class=\"elementor-widget-container\">\n\t\t\t\t\t<h1 class=\"elementor-heading-title elementor-size-default\">\u00c0 PROPOS<\/h1>\t\t\t\t<\/div>\n\t\t\t\t<\/div>\n\t\t\t\t<div class=\"elementor-element elementor-element-acoinzo elementor-widget-divider--view-line elementor-widget elementor-widget-divider\" data-id=\"acoinzo\" data-element_type=\"widget\" data-e-type=\"widget\" data-widget_type=\"divider.default\">\n\t\t\t\t<div class=\"elementor-widget-container\">\n\t\t\t\t\t\t\t<div class=\"elementor-divider\">\n\t\t\t<span class=\"elementor-divider-separator\">\n\t\t\t\t\t\t<\/span>\n\t\t<\/div>\n\t\t\t\t\t\t<\/div>\n\t\t\t\t<\/div>\n\t\t\t\t\t<\/div>\n\t\t<\/div>\n\t\t\t\t\t<\/div>\n\t\t<\/section>\n\t\t\t\t<section class=\"elementor-section elementor-top-section elementor-element elementor-element-ykytrls elementor-reverse-tablet elementor-section-boxed elementor-section-height-default elementor-section-height-default\" data-id=\"ykytrls\" data-element_type=\"section\" data-e-type=\"section\">\n\t\t\t\t\t\t<div class=\"elementor-container elementor-column-gap-no\">\n\t\t\t\t\t<div class=\"elementor-column elementor-col-66 elementor-top-column elementor-element elementor-element-3b8acda\" data-id=\"3b8acda\" data-element_type=\"column\" data-e-type=\"column\">\n\t\t\t<div class=\"elementor-widget-wrap elementor-element-populated\">\n\t\t\t\t\t\t<div class=\"elementor-element elementor-element-6bafec4 elementor-invisible elementor-widget elementor-widget-heading\" data-id=\"6bafec4\" data-element_type=\"widget\" data-e-type=\"widget\" data-settings=\"{&quot;_animation&quot;:&quot;fadeInLeft&quot;}\" data-widget_type=\"heading.default\">\n\t\t\t\t<div class=\"elementor-widget-container\">\n\t\t\t\t\t<h3 class=\"elementor-heading-title elementor-size-default\">Notre histoire<\/h3>\t\t\t\t<\/div>\n\t\t\t\t<\/div>\n\t\t\t\t<div class=\"elementor-element elementor-element-56dd691 elementor-invisible elementor-widget elementor-widget-text-editor\" data-id=\"56dd691\" data-element_type=\"widget\" data-e-type=\"widget\" data-settings=\"{&quot;_animation&quot;:&quot;fadeInLeft&quot;}\" data-widget_type=\"text-editor.default\">\n\t\t\t\t<div class=\"elementor-widget-container\">\n\t\t\t\t\t\t\t\t\t<p>Bien que le Canada compte un grand nombre de chefs talentueux, la cr\u00e9ation de nombreux mets d\u00e9licats demande tellement de travail qu'ils ne sont g\u00e9n\u00e9ralement disponibles qu'\u00e0 petite \u00e9chelle, principalement dans les p\u00e2tisseries haut de gamme. Beaucoup plus ancien et mieux \u00e9tabli, le march\u00e9 europ\u00e9en b\u00e9n\u00e9ficie de g\u00e9n\u00e9rations de p\u00e2tissiers d\u00e9vou\u00e9s, ce qui signifie que la cr\u00e9ation de ces d\u00e9lices est possible \u00e0 plus grande \u00e9chelle. Ce ph\u00e9nom\u00e8ne est \u00e0 l'origine de la cr\u00e9ation de PCD Imports (Piu Che Dolci, c'est-\u00e0-dire plus que des sucreries).<\/p><p>L\u2019histoire de Piu Che Dolci a commenc\u00e9 au d\u00e9but des ann\u00e9es 1990, lorsque Robert Marano a entam\u00e9 sa carri\u00e8re dans les arts culinaires. Tr\u00e8s vite il devient un chef p\u00e2tissier de renom, propri\u00e9taire d\u2019un commerce de p\u00e2tisserie de d\u00e9tail florissant \u00e0 Ville St-Laurent, dans la banlieue de Montr\u00e9al, au Qu\u00e9bec.<\/p><p>Son d\u00e9sir de cr\u00e9er des p\u00e2tisseries raffin\u00e9es le poussera \u00e0 parcourir l\u2019Europe \u00e0 la recherche d\u2019ingr\u00e9dients d\u2019une qualit\u00e9 que l\u2019on ne peut trouver en Am\u00e9rique du Nord. Au fil des ans, il tissera des relations professionnelles solides et durables avec plusieurs fournisseurs de produits fins europ\u00e9ens, pour la plupart inconnus au Am\u00e9rique du Nord.<\/p><p>Apr\u00e8s 20 ans de croissance et de diversification des activit\u00e9s, Robert Marano est aujourd'hui \u00e9galement partenaire de PCD Imports, qui est devenue une entreprise d'importation prosp\u00e8re, dot\u00e9e de capacit\u00e9s \u00e9tendues en mati\u00e8re d'approvisionnement, de cha\u00eene d'approvisionnement et de logistique.<\/p>\t\t\t\t\t\t\t\t<\/div>\n\t\t\t\t<\/div>\n\t\t\t\t\t<\/div>\n\t\t<\/div>\n\t\t\t\t<div class=\"elementor-column elementor-col-33 elementor-top-column elementor-element elementor-element-f72dddf\" data-id=\"f72dddf\" data-element_type=\"column\" data-e-type=\"column\">\n\t\t\t<div class=\"elementor-widget-wrap elementor-element-populated\">\n\t\t\t\t\t\t<div class=\"elementor-element elementor-element-9806f1a elementor-widget__width-auto elementor-invisible elementor-widget elementor-widget-image\" data-id=\"9806f1a\" data-element_type=\"widget\" data-e-type=\"widget\" data-settings=\"{&quot;_animation&quot;:&quot;fadeInRight&quot;}\" data-widget_type=\"image.default\">\n\t\t\t\t<div class=\"elementor-widget-container\">\n\t\t\t\t\t\t\t\t\t\t\t\t\t\t\t<img fetchpriority=\"high\" decoding=\"async\" width=\"1200\" height=\"1200\" src=\"https:\/\/piuchedolci.com\/wp-content\/uploads\/2022\/07\/MINI-LOBSTER-TAIL.jpg\" class=\"attachment-full size-full wp-image-1916\" alt=\"\" srcset=\"https:\/\/piuchedolci.com\/wp-content\/uploads\/2022\/07\/MINI-LOBSTER-TAIL.jpg 1200w, https:\/\/piuchedolci.com\/wp-content\/uploads\/2022\/07\/MINI-LOBSTER-TAIL-300x300.jpg 300w, https:\/\/piuchedolci.com\/wp-content\/uploads\/2022\/07\/MINI-LOBSTER-TAIL-1024x1024.jpg 1024w, https:\/\/piuchedolci.com\/wp-content\/uploads\/2022\/07\/MINI-LOBSTER-TAIL-150x150.jpg 150w, https:\/\/piuchedolci.com\/wp-content\/uploads\/2022\/07\/MINI-LOBSTER-TAIL-768x768.jpg 768w, https:\/\/piuchedolci.com\/wp-content\/uploads\/2022\/07\/MINI-LOBSTER-TAIL-12x12.jpg 12w, https:\/\/piuchedolci.com\/wp-content\/uploads\/2022\/07\/MINI-LOBSTER-TAIL-600x600.jpg 600w, https:\/\/piuchedolci.com\/wp-content\/uploads\/2022\/07\/MINI-LOBSTER-TAIL-100x100.jpg 100w\" sizes=\"(max-width: 1200px) 100vw, 1200px\" \/>\t\t\t\t\t\t\t\t\t\t\t\t\t\t\t<\/div>\n\t\t\t\t<\/div>\n\t\t\t\t\t<\/div>\n\t\t<\/div>\n\t\t\t\t\t<\/div>\n\t\t<\/section>\n\t\t\t\t<section class=\"elementor-section elementor-top-section elementor-element elementor-element-a83f279 elementor-reverse-mobile elementor-section-boxed elementor-section-height-default elementor-section-height-default\" data-id=\"a83f279\" data-element_type=\"section\" data-e-type=\"section\">\n\t\t\t\t\t\t<div class=\"elementor-container elementor-column-gap-no\">\n\t\t\t\t\t<div class=\"elementor-column elementor-col-33 elementor-top-column elementor-element elementor-element-9846de1\" data-id=\"9846de1\" data-element_type=\"column\" data-e-type=\"column\">\n\t\t\t<div class=\"elementor-widget-wrap elementor-element-populated\">\n\t\t\t\t\t\t<div class=\"elementor-element elementor-element-e32f3cc elementor-invisible elementor-widget elementor-widget-image\" data-id=\"e32f3cc\" data-element_type=\"widget\" data-e-type=\"widget\" data-settings=\"{&quot;_animation&quot;:&quot;fadeInLeft&quot;}\" data-widget_type=\"image.default\">\n\t\t\t\t<div class=\"elementor-widget-container\">\n\t\t\t\t\t\t\t\t\t\t\t\t\t\t\t<img decoding=\"async\" width=\"900\" height=\"900\" src=\"https:\/\/piuchedolci.com\/wp-content\/uploads\/2022\/06\/mini-tiramisu.jpg\" class=\"attachment-full size-full wp-image-1044\" alt=\"\" srcset=\"https:\/\/piuchedolci.com\/wp-content\/uploads\/2022\/06\/mini-tiramisu.jpg 900w, https:\/\/piuchedolci.com\/wp-content\/uploads\/2022\/06\/mini-tiramisu-300x300.jpg 300w, https:\/\/piuchedolci.com\/wp-content\/uploads\/2022\/06\/mini-tiramisu-150x150.jpg 150w, https:\/\/piuchedolci.com\/wp-content\/uploads\/2022\/06\/mini-tiramisu-768x768.jpg 768w, https:\/\/piuchedolci.com\/wp-content\/uploads\/2022\/06\/mini-tiramisu-12x12.jpg 12w, https:\/\/piuchedolci.com\/wp-content\/uploads\/2022\/06\/mini-tiramisu-600x600.jpg 600w, https:\/\/piuchedolci.com\/wp-content\/uploads\/2022\/06\/mini-tiramisu-100x100.jpg 100w\" sizes=\"(max-width: 900px) 100vw, 900px\" \/>\t\t\t\t\t\t\t\t\t\t\t\t\t\t\t<\/div>\n\t\t\t\t<\/div>\n\t\t\t\t\t<\/div>\n\t\t<\/div>\n\t\t\t\t<div class=\"elementor-column elementor-col-66 elementor-top-column elementor-element elementor-element-25a2908\" data-id=\"25a2908\" data-element_type=\"column\" data-e-type=\"column\">\n\t\t\t<div class=\"elementor-widget-wrap elementor-element-populated\">\n\t\t\t\t\t\t<div class=\"elementor-element elementor-element-e68c0e8 elementor-invisible elementor-widget elementor-widget-heading\" data-id=\"e68c0e8\" data-element_type=\"widget\" data-e-type=\"widget\" data-settings=\"{&quot;_animation&quot;:&quot;fadeInLeft&quot;}\" data-widget_type=\"heading.default\">\n\t\t\t\t<div class=\"elementor-widget-container\">\n\t\t\t\t\t<h3 class=\"elementor-heading-title elementor-size-default\">Ce qui nous s\u00e9pare des autres<\/h3>\t\t\t\t<\/div>\n\t\t\t\t<\/div>\n\t\t\t\t<div class=\"elementor-element elementor-element-8f51966 elementor-invisible elementor-widget elementor-widget-text-editor\" data-id=\"8f51966\" data-element_type=\"widget\" data-e-type=\"widget\" data-settings=\"{&quot;_animation&quot;:&quot;fadeInRight&quot;}\" data-widget_type=\"text-editor.default\">\n\t\t\t\t<div class=\"elementor-widget-container\">\n\t\t\t\t\t\t\t\t\t<p>La cl\u00e9 du succ\u00e8s de PCD est bien s\u00fbr son vaste r\u00e9seau de fournisseurs sp\u00e9cialis\u00e9s et d'agriculteurs, qui d\u00e9tiennent les droits exclusifs de distribution au Canada dans de nombreux cas. PCD Imports reste \u00e0 la pointe du march\u00e9 et devance les autres importateurs en entretenant son r\u00e9seau de partenaires de grande qualit\u00e9.<\/p>\n<p><span style=\"font-style: inherit; font-weight: inherit; color: var( --e-global-color-astglobalcolor2 );\">Nous n'\u00e9pargnons aucune d\u00e9pense pour parcourir le monde afin de nous assurer que notre entreprise demeure le principal importateur d'aliments fins sur le march\u00e9 nord-am\u00e9ricain.&nbsp;<\/span><span style=\"font-style: inherit; font-weight: inherit; color: var( --e-global-color-astglobalcolor2 );\">Nous serons heureux d'aider votre entreprise \u00e0 cro\u00eetre en faisant plaisir \u00e0 plus de vos clients avec des d\u00e9lices qui resteraient autrement inconnus des consommateurs et des restaurateurs nord-am\u00e9ricains.<\/span><\/p>\n<p>Parcourez notre catalogue et notre site internet, et bien s\u00fbr, n'h\u00e9sitez pas \u00e0 nous contacter.<\/p>\t\t\t\t\t\t\t\t<\/div>\n\t\t\t\t<\/div>\n\t\t\t\t\t<\/div>\n\t\t<\/div>\n\t\t\t\t\t<\/div>\n\t\t<\/section>\n\t\t\t\t<section class=\"elementor-section elementor-top-section elementor-element elementor-element-sdxk85k elementor-section-boxed elementor-section-height-default elementor-section-height-default\" data-id=\"sdxk85k\" data-element_type=\"section\" data-e-type=\"section\" data-settings=\"{&quot;background_background&quot;:&quot;classic&quot;}\">\n\t\t\t\t\t\t<div class=\"elementor-container elementor-column-gap-default\">\n\t\t\t\t\t<div class=\"elementor-column elementor-col-100 elementor-top-column elementor-element elementor-element-otcexto\" data-id=\"otcexto\" data-element_type=\"column\" data-e-type=\"column\">\n\t\t\t<div class=\"elementor-widget-wrap elementor-element-populated\">\n\t\t\t\t\t\t<div class=\"elementor-element elementor-element-85348d5 elementor-widget elementor-widget-heading\" data-id=\"85348d5\" data-element_type=\"widget\" data-e-type=\"widget\" data-widget_type=\"heading.default\">\n\t\t\t\t<div class=\"elementor-widget-container\">\n\t\t\t\t\t<h3 class=\"elementor-heading-title elementor-size-default\">Pour commandes &amp; demandes <br>de renseignements, appelez <br>450-969-5977<\/h3>\t\t\t\t<\/div>\n\t\t\t\t<\/div>\n\t\t\t\t\t<\/div>\n\t\t<\/div>\n\t\t\t\t\t<\/div>\n\t\t<\/section>\n\t\t\t\t<\/div>","protected":false},"excerpt":{"rendered":"<p>ABOUT Our Story While Canada is home to a great number of talented chefs, many delicacies are so labor-intensive to create, that for the most part, they\u2019re available on small scales, primarily in high-end pastry shops. Being much older and more established, the European marketplace benefits from generations of dedicated pastry chefs, meaning that the [&hellip;]<\/p>\n","protected":false},"author":1,"featured_media":0,"parent":0,"menu_order":0,"comment_status":"closed","ping_status":"closed","template":"","meta":{"om_disable_all_campaigns":false,"site-sidebar-layout":"no-sidebar","site-content-layout":"page-builder","ast-site-content-layout":"default","site-content-style":"default","site-sidebar-style":"default","ast-global-header-display":"","ast-banner-title-visibility":"","ast-main-header-display":"","ast-hfb-above-header-display":"","ast-hfb-below-header-display":"","ast-hfb-mobile-header-display":"","site-post-title":"disabled","ast-breadcrumbs-content":"","ast-featured-img":"disabled","footer-sml-layout":"","ast-disable-related-posts":"","theme-transparent-header-meta":"enabled","adv-header-id-meta":"","stick-header-meta":"","header-above-stick-meta":"","header-main-stick-meta":"","header-below-stick-meta":"","astra-migrate-meta-layouts":"default","ast-page-background-enabled":"default","ast-page-background-meta":{"desktop":{"background-color":"","background-image":"","background-repeat":"repeat","background-position":"center center","background-size":"auto","background-attachment":"scroll","background-type":"","background-media":"","overlay-type":"","overlay-color":"","overlay-opacity":"","overlay-gradient":""},"tablet":{"background-color":"","background-image":"","background-repeat":"repeat","background-position":"center center","background-size":"auto","background-attachment":"scroll","background-type":"","background-media":"","overlay-type":"","overlay-color":"","overlay-opacity":"","overlay-gradient":""},"mobile":{"background-color":"","background-image":"","background-repeat":"repeat","background-position":"center center","background-size":"auto","background-attachment":"scroll","background-type":"","background-media":"","overlay-type":"","overlay-color":"","overlay-opacity":"","overlay-gradient":""}},"ast-content-background-meta":{"desktop":{"background-color":"var(--ast-global-color-5)","background-image":"","background-repeat":"repeat","background-position":"center center","background-size":"auto","background-attachment":"scroll","background-type":"","background-media":"","overlay-type":"","overlay-color":"","overlay-opacity":"","overlay-gradient":""},"tablet":{"background-color":"var(--ast-global-color-5)","background-image":"","background-repeat":"repeat","background-position":"center center","background-size":"auto","background-attachment":"scroll","background-type":"","background-media":"","overlay-type":"","overlay-color":"","overlay-opacity":"","overlay-gradient":""},"mobile":{"background-color":"var(--ast-global-color-5)","background-image":"","background-repeat":"repeat","background-position":"center center","background-size":"auto","background-attachment":"scroll","background-type":"","background-media":"","overlay-type":"","overlay-color":"","overlay-opacity":"","overlay-gradient":""}},"footnotes":""},"class_list":["post-9","page","type-page","status-publish","hentry"],"yoast_head":"<!-- This site is optimized with the Yoast SEO plugin v27.4 - https:\/\/yoast.com\/product\/yoast-seo-wordpress\/ -->\n<title>About - PCD Imports (Piu Che Dolci)<\/title>\n<meta name=\"robots\" content=\"index, follow, max-snippet:-1, max-image-preview:large, max-video-preview:-1\" \/>\n<link rel=\"canonical\" href=\"https:\/\/piuchedolci.com\/fr\/about\/\" \/>\n<meta property=\"og:locale\" content=\"fr_CA\" \/>\n<meta property=\"og:type\" content=\"article\" \/>\n<meta property=\"og:title\" content=\"About - PCD Imports (Piu Che Dolci)\" \/>\n<meta property=\"og:description\" content=\"ABOUT Our Story While Canada is home to a great number of talented chefs, many delicacies are so labor-intensive to create, that for the most part, they\u2019re available on small scales, primarily in high-end pastry shops. Being much older and more established, the European marketplace benefits from generations of dedicated pastry chefs, meaning that the [&hellip;]\" \/>\n<meta property=\"og:url\" content=\"https:\/\/piuchedolci.com\/fr\/about\/\" \/>\n<meta property=\"og:site_name\" content=\"PCD Imports (Piu Che Dolci)\" \/>\n<meta property=\"article:modified_time\" content=\"2024-01-24T16:46:39+00:00\" \/>\n<meta property=\"og:image\" content=\"https:\/\/piuchedolci.com\/wp-content\/uploads\/2022\/07\/MINI-LOBSTER-TAIL.jpg\" \/>\n<meta name=\"twitter:card\" content=\"summary_large_image\" \/>\n<meta name=\"twitter:label1\" content=\"Estimation du temps de lecture\" \/>\n\t<meta name=\"twitter:data1\" content=\"2 minutes\" \/>\n<script type=\"application\/ld+json\" class=\"yoast-schema-graph\">{\"@context\":\"https:\\\/\\\/schema.org\",\"@graph\":[{\"@type\":\"WebPage\",\"@id\":\"https:\\\/\\\/piuchedolci.com\\\/about\\\/\",\"url\":\"https:\\\/\\\/piuchedolci.com\\\/about\\\/\",\"name\":\"About - PCD Imports (Piu Che Dolci)\",\"isPartOf\":{\"@id\":\"https:\\\/\\\/piuchedolci.com\\\/#website\"},\"primaryImageOfPage\":{\"@id\":\"https:\\\/\\\/piuchedolci.com\\\/about\\\/#primaryimage\"},\"image\":{\"@id\":\"https:\\\/\\\/piuchedolci.com\\\/about\\\/#primaryimage\"},\"thumbnailUrl\":\"https:\\\/\\\/piuchedolci.com\\\/wp-content\\\/uploads\\\/2022\\\/07\\\/MINI-LOBSTER-TAIL.jpg\",\"datePublished\":\"2017-09-22T12:13:25+00:00\",\"dateModified\":\"2024-01-24T16:46:39+00:00\",\"breadcrumb\":{\"@id\":\"https:\\\/\\\/piuchedolci.com\\\/about\\\/#breadcrumb\"},\"inLanguage\":\"fr-CA\",\"potentialAction\":[{\"@type\":\"ReadAction\",\"target\":[\"https:\\\/\\\/piuchedolci.com\\\/about\\\/\"]}]},{\"@type\":\"ImageObject\",\"inLanguage\":\"fr-CA\",\"@id\":\"https:\\\/\\\/piuchedolci.com\\\/about\\\/#primaryimage\",\"url\":\"https:\\\/\\\/piuchedolci.com\\\/wp-content\\\/uploads\\\/2022\\\/07\\\/MINI-LOBSTER-TAIL.jpg\",\"contentUrl\":\"https:\\\/\\\/piuchedolci.com\\\/wp-content\\\/uploads\\\/2022\\\/07\\\/MINI-LOBSTER-TAIL.jpg\"},{\"@type\":\"BreadcrumbList\",\"@id\":\"https:\\\/\\\/piuchedolci.com\\\/about\\\/#breadcrumb\",\"itemListElement\":[{\"@type\":\"ListItem\",\"position\":1,\"name\":\"Home\",\"item\":\"https:\\\/\\\/piuchedolci.com\\\/\"},{\"@type\":\"ListItem\",\"position\":2,\"name\":\"About\"}]},{\"@type\":\"WebSite\",\"@id\":\"https:\\\/\\\/piuchedolci.com\\\/#website\",\"url\":\"https:\\\/\\\/piuchedolci.com\\\/\",\"name\":\"PCD Imports (Piu Che Dolci)\",\"description\":\"LES IMPORTATIONS\",\"publisher\":{\"@id\":\"https:\\\/\\\/piuchedolci.com\\\/#organization\"},\"potentialAction\":[{\"@type\":\"SearchAction\",\"target\":{\"@type\":\"EntryPoint\",\"urlTemplate\":\"https:\\\/\\\/piuchedolci.com\\\/?s={search_term_string}\"},\"query-input\":{\"@type\":\"PropertyValueSpecification\",\"valueRequired\":true,\"valueName\":\"search_term_string\"}}],\"inLanguage\":\"fr-CA\"},{\"@type\":\"Organization\",\"@id\":\"https:\\\/\\\/piuchedolci.com\\\/#organization\",\"name\":\"PCD Imports (Piu Che Dolci)\",\"url\":\"https:\\\/\\\/piuchedolci.com\\\/\",\"logo\":{\"@type\":\"ImageObject\",\"inLanguage\":\"fr-CA\",\"@id\":\"https:\\\/\\\/piuchedolci.com\\\/#\\\/schema\\\/logo\\\/image\\\/\",\"url\":\"https:\\\/\\\/piuchedolci.com\\\/wp-content\\\/uploads\\\/2020\\\/02\\\/piuchedolci-logo2.png\",\"contentUrl\":\"https:\\\/\\\/piuchedolci.com\\\/wp-content\\\/uploads\\\/2020\\\/02\\\/piuchedolci-logo2.png\",\"width\":450,\"height\":176,\"caption\":\"PCD Imports (Piu Che Dolci)\"},\"image\":{\"@id\":\"https:\\\/\\\/piuchedolci.com\\\/#\\\/schema\\\/logo\\\/image\\\/\"}}]}<\/script>\n<!-- \/ Yoast SEO plugin. -->","yoast_head_json":{"title":"About - PCD Imports (Piu Che Dolci)","robots":{"index":"index","follow":"follow","max-snippet":"max-snippet:-1","max-image-preview":"max-image-preview:large","max-video-preview":"max-video-preview:-1"},"canonical":"https:\/\/piuchedolci.com\/fr\/about\/","og_locale":"fr_CA","og_type":"article","og_title":"About - PCD Imports (Piu Che Dolci)","og_description":"ABOUT Our Story While Canada is home to a great number of talented chefs, many delicacies are so labor-intensive to create, that for the most part, they\u2019re available on small scales, primarily in high-end pastry shops. Being much older and more established, the European marketplace benefits from generations of dedicated pastry chefs, meaning that the [&hellip;]","og_url":"https:\/\/piuchedolci.com\/fr\/about\/","og_site_name":"PCD Imports (Piu Che Dolci)","article_modified_time":"2024-01-24T16:46:39+00:00","og_image":[{"url":"https:\/\/piuchedolci.com\/wp-content\/uploads\/2022\/07\/MINI-LOBSTER-TAIL.jpg","type":"","width":"","height":""}],"twitter_card":"summary_large_image","twitter_misc":{"Estimation du temps de lecture":"2 minutes"},"schema":{"@context":"https:\/\/schema.org","@graph":[{"@type":"WebPage","@id":"https:\/\/piuchedolci.com\/about\/","url":"https:\/\/piuchedolci.com\/about\/","name":"About - PCD Imports (Piu Che Dolci)","isPartOf":{"@id":"https:\/\/piuchedolci.com\/#website"},"primaryImageOfPage":{"@id":"https:\/\/piuchedolci.com\/about\/#primaryimage"},"image":{"@id":"https:\/\/piuchedolci.com\/about\/#primaryimage"},"thumbnailUrl":"https:\/\/piuchedolci.com\/wp-content\/uploads\/2022\/07\/MINI-LOBSTER-TAIL.jpg","datePublished":"2017-09-22T12:13:25+00:00","dateModified":"2024-01-24T16:46:39+00:00","breadcrumb":{"@id":"https:\/\/piuchedolci.com\/about\/#breadcrumb"},"inLanguage":"fr-CA","potentialAction":[{"@type":"ReadAction","target":["https:\/\/piuchedolci.com\/about\/"]}]},{"@type":"ImageObject","inLanguage":"fr-CA","@id":"https:\/\/piuchedolci.com\/about\/#primaryimage","url":"https:\/\/piuchedolci.com\/wp-content\/uploads\/2022\/07\/MINI-LOBSTER-TAIL.jpg","contentUrl":"https:\/\/piuchedolci.com\/wp-content\/uploads\/2022\/07\/MINI-LOBSTER-TAIL.jpg"},{"@type":"BreadcrumbList","@id":"https:\/\/piuchedolci.com\/about\/#breadcrumb","itemListElement":[{"@type":"ListItem","position":1,"name":"Home","item":"https:\/\/piuchedolci.com\/"},{"@type":"ListItem","position":2,"name":"About"}]},{"@type":"WebSite","@id":"https:\/\/piuchedolci.com\/#website","url":"https:\/\/piuchedolci.com\/","name":"PCD Imports (Piu Che Dolci)","description":"LES IMPORTATIONS","publisher":{"@id":"https:\/\/piuchedolci.com\/#organization"},"potentialAction":[{"@type":"SearchAction","target":{"@type":"EntryPoint","urlTemplate":"https:\/\/piuchedolci.com\/?s={search_term_string}"},"query-input":{"@type":"PropertyValueSpecification","valueRequired":true,"valueName":"search_term_string"}}],"inLanguage":"fr-CA"},{"@type":"Organization","@id":"https:\/\/piuchedolci.com\/#organization","name":"PCD Imports (Piu Che Dolci)","url":"https:\/\/piuchedolci.com\/","logo":{"@type":"ImageObject","inLanguage":"fr-CA","@id":"https:\/\/piuchedolci.com\/#\/schema\/logo\/image\/","url":"https:\/\/piuchedolci.com\/wp-content\/uploads\/2020\/02\/piuchedolci-logo2.png","contentUrl":"https:\/\/piuchedolci.com\/wp-content\/uploads\/2020\/02\/piuchedolci-logo2.png","width":450,"height":176,"caption":"PCD Imports (Piu Che Dolci)"},"image":{"@id":"https:\/\/piuchedolci.com\/#\/schema\/logo\/image\/"}}]}},"_links":{"self":[{"href":"https:\/\/piuchedolci.com\/fr\/wp-json\/wp\/v2\/pages\/9","targetHints":{"allow":["GET"]}}],"collection":[{"href":"https:\/\/piuchedolci.com\/fr\/wp-json\/wp\/v2\/pages"}],"about":[{"href":"https:\/\/piuchedolci.com\/fr\/wp-json\/wp\/v2\/types\/page"}],"author":[{"embeddable":true,"href":"https:\/\/piuchedolci.com\/fr\/wp-json\/wp\/v2\/users\/1"}],"replies":[{"embeddable":true,"href":"https:\/\/piuchedolci.com\/fr\/wp-json\/wp\/v2\/comments?post=9"}],"version-history":[{"count":9,"href":"https:\/\/piuchedolci.com\/fr\/wp-json\/wp\/v2\/pages\/9\/revisions"}],"predecessor-version":[{"id":2277,"href":"https:\/\/piuchedolci.com\/fr\/wp-json\/wp\/v2\/pages\/9\/revisions\/2277"}],"wp:attachment":[{"href":"https:\/\/piuchedolci.com\/fr\/wp-json\/wp\/v2\/media?parent=9"}],"curies":[{"name":"wp","href":"https:\/\/api.w.org\/{rel}","templated":true}]}}